{"id":12811,"date":"2025-12-23T11:54:19","date_gmt":"2025-12-23T10:54:19","guid":{"rendered":"https:\/\/www.future-cosmetics.com\/?page_id=12811"},"modified":"2026-02-12T19:36:29","modified_gmt":"2026-02-12T18:36:29","slug":"aviso-legal","status":"publish","type":"page","link":"https:\/\/www.future-cosmetics.com\/en\/aviso-legal\/","title":{"rendered":"aviso legal"},"content":{"rendered":"<div data-elementor-type=\"wp-page\" data-elementor-id=\"12811\" class=\"elementor elementor-12811\" data-elementor-post-type=\"page\">\n\t\t\t\t<div class=\"elementor-element elementor-element-46d8f175 e-con-full e-flex mk-enable-fade-animation-none mk-sticky-column-false mk-sticky-column-disable-tablet e-con e-parent\" data-id=\"46d8f175\" data-element_type=\"container\" data-e-type=\"container\" data-settings=\"{&quot;background_background&quot;:&quot;classic&quot;,&quot;mk-animation-effect&quot;:&quot;none&quot;,&quot;mk_ext_is_sticky&quot;:&quot;false&quot;}\">\n\t\t\t\t<div class=\"elementor-element elementor-element-198f305 mk-enable-fade-animation-none elementor-widget elementor-widget-heading\" data-id=\"198f305\" data-element_type=\"widget\" data-e-type=\"widget\" data-settings=\"{&quot;mk-animation-effect&quot;:&quot;none&quot;,&quot;mk_ext_is_infinite&quot;:&quot;false&quot;,&quot;mk_ext_is_scrollme&quot;:&quot;false&quot;}\" data-widget_type=\"heading.default\">\n\t\t\t\t\t<h2 class=\"elementor-heading-title elementor-size-default\">AVISO LEGAL<\/h2>\t\t\t\t<\/div>\n\t\t\t\t<\/div>\n\t\t<div class=\"elementor-element elementor-element-14eb3b1 e-flex e-con-boxed mk-enable-fade-animation-none mk-sticky-column-false mk-sticky-column-disable-tablet e-con e-parent\" data-id=\"14eb3b1\" data-element_type=\"container\" data-e-type=\"container\" data-settings=\"{&quot;mk-animation-effect&quot;:&quot;none&quot;,&quot;mk_ext_is_sticky&quot;:&quot;false&quot;}\">\n\t\t\t\t\t<div class=\"e-con-inner\">\n\t\t\t\t<div class=\"elementor-element elementor-element-94d7889 mk-enable-fade-animation-none elementor-widget elementor-widget-html\" data-id=\"94d7889\" data-element_type=\"widget\" data-e-type=\"widget\" data-settings=\"{&quot;mk-animation-effect&quot;:&quot;none&quot;,&quot;mk_ext_is_infinite&quot;:&quot;false&quot;,&quot;mk_ext_is_scrollme&quot;:&quot;false&quot;}\" data-widget_type=\"html.default\">\n\t\t\t\t\t<style>\n.fcl-legal {\n    font-family: 'Segoe UI', Roboto, sans-serif;\n    background: #ffffff;\n    max-width: 900px;\n    margin: 40px auto;\n    padding: 40px;\n    border-radius: 12px;\n    box-shadow: 0 10px 30px rgba(0,0,0,0.05);\n    color: #333;\n    line-height: 1.7;\n}\n\n.fcl-legal h1 {\n    font-size: 2.2rem;\n    margin-bottom: 10px;\n    color: #111;\n}\n\n.fcl-legal h2 {\n    font-size: 1.4rem;\n    margin: 40px 0 15px;\n    border-bottom: 2px solid #eee;\n    padding-bottom: 5px;\n}\n\n.fcl-legal h3 {\n    font-size: 1.1rem;\n    margin-top: 25px;\n    color: #444;\n}\n\n.fcl-legal p {\n    margin-bottom: 15px;\n}\n\n.fcl-company-box {\n    background: #f5f7fa;\n    padding: 20px;\n    border-radius: 8px;\n    margin: 25px 0;\n}\n\n.fcl-company-box p {\n    margin: 6px 0;\n}\n\n.fcl-legal ul {\n    padding-left: 25px;\n    margin-bottom: 15px;\n}\n\n.fcl-legal li {\n    margin-bottom: 8px;\n}\n\n.fcl-legal a {\n    color: #0066cc;\n    text-decoration: none;\n}\n\n.fcl-legal a:hover {\n    text-decoration: underline;\n}\n\n@media (max-width: 768px) {\n    .fcl-legal {\n        padding: 20px;\n    }\n\n    .fcl-legal h1 {\n        font-size: 1.6rem;\n    }\n}\n<\/style>\n\n<div class=\"fcl-legal\">\n\n<h1>Aviso Legal<\/h1>\n<h2>Privacy Policy<\/h2>\n\n<p>Para dar cumplimiento al art\u00edculo 10 de la Ley 34\/2002 de Servicios de la Sociedad de la Informaci\u00f3n y del Comercio Electr\u00f3nico, informamos a los usuarios de nuestros datos:<\/p>\n\n<div class=\"fcl-company-box\">\n<p><strong>Denominaci\u00f3n Social:<\/strong> FUTURE COSMETICS LABS, S.L.<\/p>\n<p><strong>Domicilio Social:<\/strong> C\/ Torrent Can Mateu 33 B, 08329, Tei\u00e0, Barcelona<\/p>\n<p><strong>NIF:<\/strong> B19493907<\/p>\n<p><strong>Tel\u00e9fono:<\/strong> 935407474<\/p>\n<p><strong>E-Mail:<\/strong> <a href=\"mailto:rgpd@future-cosmetics.com\">rgpd@future-cosmetics.com<\/a><\/p>\n<p><strong>Web:<\/strong> <a href=\"https:\/\/www.future-cosmetics.com\/en\/\" target=\"_blank\">www.future-cosmetics.com<\/a><\/p>\n<\/div>\n\n<h2>1. OBJETO<\/h2>\n\n<p>FUTURE COSMETICS LABS, S.L. (desde ahora tambi\u00e9n el prestador), como responsable del sitio web, pone a disposici\u00f3n de los usuarios el presente documento, que regula el uso del sitio web www.future-cosmetics.com, con el que pretendemos dar cumplimiento a las obligaciones que dispone la Ley 34\/2002, de Servicios de la Sociedad de la Informaci\u00f3n y del Comercio Electr\u00f3nico (LSSICE o LSSI), as\u00ed como informar a todos los usuarios del sitio web respecto de cu\u00e1les son las condiciones de uso de \u00e9ste.<\/p>\n\n<p>A trav\u00e9s de la web, FUTURE COSMETICS LABS, S.L. facilita a los usuarios el acceso y utilizaci\u00f3n de diferentes servicios y contenidos.<\/p>\n\n<p>Toda persona que acceda a esta web asume el papel de usuario (en adelante el Usuario), e implica la aceptaci\u00f3n total y sin reservas de todas y cada una de las disposiciones incluidas en este Aviso Legal, as\u00ed como cualesquiera otras disposiciones legales que fueran de aplicaci\u00f3n.<\/p>\n\n<p>Como Usuario, deber\u00e1 leer atentamente el presente Aviso Legal en cualquiera de las ocasiones que visite la web, ya que \u00e9ste puede verse modificado. El prestador tiene facultad para realizar cambios en la informaci\u00f3n contenida en la web con el objetivo de cumplir con la normativa o actualizar la presente Pol\u00edtica. El prestador no tiene obligaci\u00f3n de preavisar a los Usuarios sobre los cambios realizados, siendo suficiente su publicaci\u00f3n en el sitio web.<\/p>\n\n<h2>2. CONDICIONES DE ACCESO Y USO DEL WEB<\/h2>\n\n<h3>2.1. Car\u00e1cter gratuito del acceso y uso de la web<\/h3>\n<p>La prestaci\u00f3n de los servicios por parte de FUTURE COSMETICS LABS, S.L. tiene car\u00e1cter gratuito para todos los usuarios. Sin embargo, algunos de los servicios suministrados por el prestador a trav\u00e9s de la web est\u00e1n sujetos al pago de un precio determinado en las condiciones generales de contrataci\u00f3n.<\/p>\n\n<h3>2.2. Registro de Usuario<\/h3>\n<p>Con car\u00e1cter general la prestaci\u00f3n de los Servicios no exige la previa suscripci\u00f3n o registro de los Usuarios. Aun as\u00ed, FUTURE COSMETICS LABS, S.L. condiciona el uso de algunos de los servicios a la previa cumplimentaci\u00f3n del correspondiente registro del Usuario. Este registro se efectuar\u00e1 en la forma expresamente indicada en la propia secci\u00f3n del servicio.<\/p>\n\n<h3>2.3. Veracidad de la informaci\u00f3n<\/h3>\n<p>Toda la informaci\u00f3n que facilita el Usuario debe ser veraz. En estos efectos, el Usuario garantiza la autenticidad de los datos comunicados a trav\u00e9s de los formularios para la suscripci\u00f3n de los Servicios. Ser\u00e1 responsabilidad del Usuario mantener toda la informaci\u00f3n facilitada a FUTURE COSMETICS LABS, S.L. permanentemente actualizada de forma que responda, en cada momento, a su situaci\u00f3n real. En todo caso, el Usuario ser\u00e1 el \u00fanico responsable de las manifestaciones falsas o inexactas que realice y de los perjuicios que cause al prestador o a terceros.<\/p>\n\n<h3>2.4. Menores de edad<\/h3>\n<p>Para el uso de los Servicios, los menores de edad deben obtener siempre previamente el consentimiento de los padres, tutores o representantes legales, responsables \u00faltimos de todos los actos realizados por los menores a su cargo. La responsabilidad en la determinaci\u00f3n de contenidos concretos a los que acceden los menores corresponde a aqu\u00e9llos, es por eso que, si acceden a contenidos no apropiados para Internet, se deber\u00e1n establecer en sus ordenadores mecanismos, en particular programas inform\u00e1ticos, filtros y bloqueos, que permitan limitar los contenidos disponibles y, aunque no sean infalibles, son de especial utilidad para controlar y restringir los materiales a los que pueden acceder los menores.<\/p>\n\n<h3>2.5. Obligaci\u00f3n de hacer uso correcto de la web<\/h3>\n<p>El Usuario se compromete a utilizar la web de conformidad a la Ley y al presente Aviso Legal, as\u00ed como la moral y las buenas costumbres. En efecto, el Usuario se abstendr\u00e1 de utilizar la p\u00e1gina con fines il\u00edcitos o prohibidos, lesivos de derechos e intereses de terceros, o que de cualquier forma puedan da\u00f1ar, inutilizar, sobrecargar, deteriorar o impedir la normal utilizaci\u00f3n de equipos inform\u00e1ticos o documentos, archivos y toda clase de contenidos almacenados en cualquier equipo inform\u00e1tico del prestador.<\/p>\n\n<p>En particular, y a t\u00edtulo indicativo, pero no exhaustivo, el Usuario se compromete a no transmitir, difundir o poner a disposici\u00f3n de terceros informaciones, datos, contenidos, mensajes, gr\u00e1ficos, dibujos, archivos de sonido o imagen, fotograf\u00edas, grabaciones, software y, en general, cualquier clase de material que:<\/p>\n\n<ul>\n<li>(A) sea contraria, menosprecie o atente contra los derechos fundamentales y las libertades p\u00fablicas reconocidas constitucionalmente, en tratados internacionales y otras normas vigentes;<\/li>\n<li>(B) induzca, incite o promueva actuaciones delictivas, denigratorias, difamatorias, violentas o, en general, contrarias a la ley, a la moral y el orden p\u00fablico;<\/li>\n<li>(C) induzca, incite o promueva actuaciones, actitudes o pensamientos discriminatorios por raz\u00f3n de sexo, raza, religi\u00f3n, creencias, edad o condici\u00f3n;<\/li>\n<li>(D) sea contrario al derecho al honor, a la intimidad personal o familiar o la propia imagen de las personas;<\/li>\n<li>(E) de cualquier manera perjudique la credibilidad del prestador o de terceros; y<\/li>\n<li>(F) constituya publicidad il\u00edcita, enga\u00f1osa o desleal.<\/li>\n<\/ul>\n\n<h2>3. EXCLUSI\u00d3N DE GARANT\u00cdAS Y RESPONSABILIDAD<\/h2>\n\n<p>El prestador se exime de cualquier tipo de responsabilidad derivada de la informaci\u00f3n publicada en nuestro sitio web, siempre que esta informaci\u00f3n haya sido manipulada o introducida por un tercero ajeno.<\/p>\n\n<p>Esta web ha sido revisada y probada para que funcione correctamente. En principio, se puede garantizar el correcto funcionamiento los 365 d\u00edas del a\u00f1o, 24 horas al d\u00eda. Sin embargo, el prestador no descarta la posibilidad de que existan determinados errores de programaci\u00f3n, o que sucedan causas de fuerza mayor, cat\u00e1strofes naturales, huelgas, o circunstancias semejantes que hagan imposible el acceso a la p\u00e1gina web.<\/p>\n\n<p>FUTURE COSMETICS LABS, S.L. no otorga ninguna garant\u00eda ni se hace responsable, en ning\u00fan caso, de los da\u00f1os y perjuicios de cualquier naturaleza que puedan salir a colaci\u00f3n de la falta de disponibilidad, mantenimiento y efectivo funcionamiento de la web o de sus servicios y contenidos; de la existencia de virus, programas maliciosos o lesivos en los contenidos; del uso il\u00edcito, negligente, fraudulento o contrario a este Aviso Legal y condiciones de uso; o de la falta de licitud, calidad, fiabilidad, utilidad y disponibilidad de los servicios prestados por terceros y puestos a disposici\u00f3n de los usuarios en el sitio web.<\/p>\n\n<p>El prestador no se hace responsable bajo ning\u00fan concepto de los da\u00f1os que puedan dimanar del uso ilegal o indebido de la presente p\u00e1gina web.<\/p>\n\n<h2>4. COOKIES<\/h2>\n<p>El sitio web del prestador puede utilizar cookies (peque\u00f1os archivos de informaci\u00f3n que el servidor env\u00eda al ordenador de quien accede a la p\u00e1gina) para llevar a cabo determinadas funciones que son consideradas imprescindibles para el correcto funcionamiento y visualizaci\u00f3n del sitio. Las cookies utilizadas tienen, en todo caso, car\u00e1cter temporal, con la \u00fanica finalidad de hacer m\u00e1s eficaz la navegaci\u00f3n, y desaparecen al terminar la sesi\u00f3n del usuario. En ning\u00fan caso se utilizar\u00e1n las cookies para recoger informaci\u00f3n de car\u00e1cter personal. Para m\u00e1s informaci\u00f3n, ver nuestra Pol\u00edtica de Cookies.<\/p>\n\n<h2>5. ENLACES (LINKS)<\/h2>\n<p>Desde el sitio web es posible que se redirija a contenidos patrocinados, anuncios y\/o enlaces de afiliados y\/o de terceras webs.<\/p>\n\n<p>Entre los enlaces facilitados, existe la posibilidad de informar o hacer referencia a productos y\/o servicios de terceros...<\/p>\n\n<h2>6. PROTECCI\u00d3N DE DATOS PERSONALES<\/h2>\n<p>El prestador est\u00e1 profundamente comprometido con el cumplimiento de la normativa de protecci\u00f3n de datos personales y garantiza el cumplimiento \u00edntegro de las obligaciones, as\u00ed como la implementaci\u00f3n de las medidas de seguridad dispuestas en el Reglamento Europeo de Protecci\u00f3n de Datos y la normativa espa\u00f1ola de protecci\u00f3n de datos. Para m\u00e1s informaci\u00f3n, ver nuestra Pol\u00edtica de privacidad.<\/p>\n\n<h2>7. PROPIEDAD INTELECTUAL E INDUSTRIAL<\/h2>\n<p>El sitio web, incluyendo a t\u00edtulo enunciativo...<\/p>\n\n<h2>8. LEY APLICABLE Y JURISDICCI\u00d3N<\/h2>\n<p>Para la resoluci\u00f3n de las controversias o cuestiones relacionadas con la presente p\u00e1gina web o de las actividades en \u00e9sta desarrolladas, ser\u00e1 de aplicaci\u00f3n la legislaci\u00f3n espa\u00f1ola...<\/p>\n\n<\/div>\n\t\t\t\t<\/div>\n\t\t\t\t\t<\/div>\n\t\t\t\t<\/div>\n\t\t\t\t<\/div>","protected":false},"excerpt":{"rendered":"<p>AVISO LEGAL Aviso Legal Pol\u00edtica de privacidad Para dar cumplimiento al art\u00edculo 10 de la Ley 34\/2002 de Servicios de la Sociedad de la Informaci\u00f3n y del Comercio Electr\u00f3nico, informamos a los usuarios de nuestros datos: Denominaci\u00f3n Social: FUTURE COSMETICS [&hellip;]<\/p>\n","protected":false},"author":1,"featured_media":0,"parent":0,"menu_order":0,"comment_status":"closed","ping_status":"closed","template":"","meta":{"footnotes":""},"class_list":["post-12811","page","type-page","status-publish","hentry"],"yoast_head":"<!-- This site is optimized with the Yoast SEO plugin v27.6 - https:\/\/yoast.com\/product\/yoast-seo-wordpress\/ -->\n<title>aviso legal - Future Cosmetics<\/title>\n<meta name=\"robots\" content=\"index, follow, max-snippet:-1, max-image-preview:large, max-video-preview:-1\" \/>\n<link rel=\"canonical\" href=\"https:\/\/www.future-cosmetics.com\/en\/aviso-legal\/\" \/>\n<meta property=\"og:locale\" content=\"en_GB\" \/>\n<meta property=\"og:type\" content=\"article\" \/>\n<meta property=\"og:title\" content=\"aviso legal - Future Cosmetics\" \/>\n<meta property=\"og:description\" content=\"AVISO LEGAL Aviso Legal Pol\u00edtica de privacidad Para dar cumplimiento al art\u00edculo 10 de la Ley 34\/2002 de Servicios de la Sociedad de la Informaci\u00f3n y del Comercio Electr\u00f3nico, informamos a los usuarios de nuestros datos: Denominaci\u00f3n Social: FUTURE COSMETICS [&hellip;]\" \/>\n<meta property=\"og:url\" content=\"https:\/\/www.future-cosmetics.com\/en\/aviso-legal\/\" \/>\n<meta property=\"og:site_name\" content=\"Future Cosmetics\" \/>\n<meta property=\"article:modified_time\" content=\"2026-02-12T18:36:29+00:00\" \/>\n<meta name=\"twitter:card\" content=\"summary_large_image\" \/>\n<meta name=\"twitter:label1\" content=\"Estimated reading time\" \/>\n\t<meta name=\"twitter:data1\" content=\"7 minutes\" \/>\n<script type=\"application\/ld+json\" class=\"yoast-schema-graph\">{\"@context\":\"https:\\\/\\\/schema.org\",\"@graph\":[{\"@type\":\"WebPage\",\"@id\":\"https:\\\/\\\/www.future-cosmetics.com\\\/aviso-legal\\\/\",\"url\":\"https:\\\/\\\/www.future-cosmetics.com\\\/aviso-legal\\\/\",\"name\":\"aviso legal - Future Cosmetics\",\"isPartOf\":{\"@id\":\"https:\\\/\\\/www.future-cosmetics.com\\\/#website\"},\"datePublished\":\"2025-12-23T10:54:19+00:00\",\"dateModified\":\"2026-02-12T18:36:29+00:00\",\"breadcrumb\":{\"@id\":\"https:\\\/\\\/www.future-cosmetics.com\\\/aviso-legal\\\/#breadcrumb\"},\"inLanguage\":\"en-GB\",\"potentialAction\":[{\"@type\":\"ReadAction\",\"target\":[\"https:\\\/\\\/www.future-cosmetics.com\\\/aviso-legal\\\/\"]}]},{\"@type\":\"BreadcrumbList\",\"@id\":\"https:\\\/\\\/www.future-cosmetics.com\\\/aviso-legal\\\/#breadcrumb\",\"itemListElement\":[{\"@type\":\"ListItem\",\"position\":1,\"name\":\"Portada\",\"item\":\"https:\\\/\\\/www.future-cosmetics.com\\\/\"},{\"@type\":\"ListItem\",\"position\":2,\"name\":\"aviso legal\"}]},{\"@type\":\"WebSite\",\"@id\":\"https:\\\/\\\/www.future-cosmetics.com\\\/#website\",\"url\":\"https:\\\/\\\/www.future-cosmetics.com\\\/\",\"name\":\"Future Cosmetics\",\"description\":\"\",\"publisher\":{\"@id\":\"https:\\\/\\\/www.future-cosmetics.com\\\/#organization\"},\"potentialAction\":[{\"@type\":\"SearchAction\",\"target\":{\"@type\":\"EntryPoint\",\"urlTemplate\":\"https:\\\/\\\/www.future-cosmetics.com\\\/?s={search_term_string}\"},\"query-input\":{\"@type\":\"PropertyValueSpecification\",\"valueRequired\":true,\"valueName\":\"search_term_string\"}}],\"inLanguage\":\"en-GB\"},{\"@type\":\"Organization\",\"@id\":\"https:\\\/\\\/www.future-cosmetics.com\\\/#organization\",\"name\":\"Future Cosmetics\",\"url\":\"https:\\\/\\\/www.future-cosmetics.com\\\/\",\"logo\":{\"@type\":\"ImageObject\",\"inLanguage\":\"en-GB\",\"@id\":\"https:\\\/\\\/www.future-cosmetics.com\\\/#\\\/schema\\\/logo\\\/image\\\/\",\"url\":\"https:\\\/\\\/www.future-cosmetics.com\\\/wp-content\\\/uploads\\\/2024\\\/10\\\/future-blanco-scaled.png\",\"contentUrl\":\"https:\\\/\\\/www.future-cosmetics.com\\\/wp-content\\\/uploads\\\/2024\\\/10\\\/future-blanco-scaled.png\",\"width\":2560,\"height\":695,\"caption\":\"Future Cosmetics\"},\"image\":{\"@id\":\"https:\\\/\\\/www.future-cosmetics.com\\\/#\\\/schema\\\/logo\\\/image\\\/\"}}]}<\/script>\n<!-- \/ Yoast SEO plugin. -->","yoast_head_json":{"title":"aviso legal - Future Cosmetics","robots":{"index":"index","follow":"follow","max-snippet":"max-snippet:-1","max-image-preview":"max-image-preview:large","max-video-preview":"max-video-preview:-1"},"canonical":"https:\/\/www.future-cosmetics.com\/en\/aviso-legal\/","og_locale":"en_GB","og_type":"article","og_title":"aviso legal - Future Cosmetics","og_description":"AVISO LEGAL Aviso Legal Pol\u00edtica de privacidad Para dar cumplimiento al art\u00edculo 10 de la Ley 34\/2002 de Servicios de la Sociedad de la Informaci\u00f3n y del Comercio Electr\u00f3nico, informamos a los usuarios de nuestros datos: Denominaci\u00f3n Social: FUTURE COSMETICS [&hellip;]","og_url":"https:\/\/www.future-cosmetics.com\/en\/aviso-legal\/","og_site_name":"Future Cosmetics","article_modified_time":"2026-02-12T18:36:29+00:00","twitter_card":"summary_large_image","twitter_misc":{"Estimated reading time":"7 minutes"},"schema":{"@context":"https:\/\/schema.org","@graph":[{"@type":"WebPage","@id":"https:\/\/www.future-cosmetics.com\/aviso-legal\/","url":"https:\/\/www.future-cosmetics.com\/aviso-legal\/","name":"aviso legal - Future Cosmetics","isPartOf":{"@id":"https:\/\/www.future-cosmetics.com\/#website"},"datePublished":"2025-12-23T10:54:19+00:00","dateModified":"2026-02-12T18:36:29+00:00","breadcrumb":{"@id":"https:\/\/www.future-cosmetics.com\/aviso-legal\/#breadcrumb"},"inLanguage":"en-GB","potentialAction":[{"@type":"ReadAction","target":["https:\/\/www.future-cosmetics.com\/aviso-legal\/"]}]},{"@type":"BreadcrumbList","@id":"https:\/\/www.future-cosmetics.com\/aviso-legal\/#breadcrumb","itemListElement":[{"@type":"ListItem","position":1,"name":"Portada","item":"https:\/\/www.future-cosmetics.com\/"},{"@type":"ListItem","position":2,"name":"aviso legal"}]},{"@type":"WebSite","@id":"https:\/\/www.future-cosmetics.com\/#website","url":"https:\/\/www.future-cosmetics.com\/","name":"Future Cosmetics","description":"","publisher":{"@id":"https:\/\/www.future-cosmetics.com\/#organization"},"potentialAction":[{"@type":"SearchAction","target":{"@type":"EntryPoint","urlTemplate":"https:\/\/www.future-cosmetics.com\/?s={search_term_string}"},"query-input":{"@type":"PropertyValueSpecification","valueRequired":true,"valueName":"search_term_string"}}],"inLanguage":"en-GB"},{"@type":"Organization","@id":"https:\/\/www.future-cosmetics.com\/#organization","name":"Future Cosmetics","url":"https:\/\/www.future-cosmetics.com\/","logo":{"@type":"ImageObject","inLanguage":"en-GB","@id":"https:\/\/www.future-cosmetics.com\/#\/schema\/logo\/image\/","url":"https:\/\/www.future-cosmetics.com\/wp-content\/uploads\/2024\/10\/future-blanco-scaled.png","contentUrl":"https:\/\/www.future-cosmetics.com\/wp-content\/uploads\/2024\/10\/future-blanco-scaled.png","width":2560,"height":695,"caption":"Future Cosmetics"},"image":{"@id":"https:\/\/www.future-cosmetics.com\/#\/schema\/logo\/image\/"}}]}},"_links":{"self":[{"href":"https:\/\/www.future-cosmetics.com\/en\/wp-json\/wp\/v2\/pages\/12811","targetHints":{"allow":["GET"]}}],"collection":[{"href":"https:\/\/www.future-cosmetics.com\/en\/wp-json\/wp\/v2\/pages"}],"about":[{"href":"https:\/\/www.future-cosmetics.com\/en\/wp-json\/wp\/v2\/types\/page"}],"author":[{"embeddable":true,"href":"https:\/\/www.future-cosmetics.com\/en\/wp-json\/wp\/v2\/users\/1"}],"replies":[{"embeddable":true,"href":"https:\/\/www.future-cosmetics.com\/en\/wp-json\/wp\/v2\/comments?post=12811"}],"version-history":[{"count":16,"href":"https:\/\/www.future-cosmetics.com\/en\/wp-json\/wp\/v2\/pages\/12811\/revisions"}],"predecessor-version":[{"id":14212,"href":"https:\/\/www.future-cosmetics.com\/en\/wp-json\/wp\/v2\/pages\/12811\/revisions\/14212"}],"wp:attachment":[{"href":"https:\/\/www.future-cosmetics.com\/en\/wp-json\/wp\/v2\/media?parent=12811"}],"curies":[{"name":"wp","href":"https:\/\/api.w.org\/{rel}","templated":true}]}}