{"id":11616,"date":"2025-11-30T05:23:59","date_gmt":"2025-11-30T04:23:59","guid":{"rendered":"https:\/\/www.future-cosmetics.com\/?page_id=11616"},"modified":"2026-04-13T15:18:30","modified_gmt":"2026-04-13T13:18:30","slug":"empresa","status":"publish","type":"page","link":"https:\/\/www.future-cosmetics.com\/en\/empresa\/","title":{"rendered":"Company"},"content":{"rendered":"<div data-elementor-type=\"wp-page\" data-elementor-id=\"11616\" class=\"elementor elementor-11616\" data-elementor-post-type=\"page\">\n\t\t\t\t<div class=\"elementor-element elementor-element-d9e42f5 e-con-full e-flex mk-enable-fade-animation-none mk-sticky-column-false mk-sticky-column-disable-tablet e-con e-parent\" data-id=\"d9e42f5\" data-element_type=\"container\" data-e-type=\"container\" data-settings=\"{&quot;background_background&quot;:&quot;classic&quot;,&quot;mk-animation-effect&quot;:&quot;none&quot;,&quot;mk_ext_is_sticky&quot;:&quot;false&quot;}\">\n\t\t\t\t<\/div>\n\t\t<div class=\"elementor-element elementor-element-68fdd58 e-flex e-con-boxed mk-enable-fade-animation-none mk-sticky-column-false mk-sticky-column-disable-tablet e-con e-parent\" data-id=\"68fdd58\" data-element_type=\"container\" data-e-type=\"container\" data-settings=\"{&quot;background_background&quot;:&quot;classic&quot;,&quot;mk-animation-effect&quot;:&quot;none&quot;,&quot;mk_ext_is_sticky&quot;:&quot;false&quot;}\">\n\t\t\t\t\t<div class=\"e-con-inner\">\n\t\t<div class=\"elementor-element elementor-element-f6a10a5 e-con-full e-flex mk-enable-fade-animation-none mk-sticky-column-false mk-sticky-column-disable-tablet e-con e-child\" data-id=\"f6a10a5\" data-element_type=\"container\" data-e-type=\"container\" data-settings=\"{&quot;mk-animation-effect&quot;:&quot;none&quot;,&quot;mk_ext_is_sticky&quot;:&quot;false&quot;}\">\n\t\t<div class=\"elementor-element elementor-element-c93307d e-con-full e-flex mk-enable-fade-animation-none mk-sticky-column-false mk-sticky-column-disable-tablet e-con e-child\" data-id=\"c93307d\" data-element_type=\"container\" data-e-type=\"container\" data-settings=\"{&quot;mk-animation-effect&quot;:&quot;none&quot;,&quot;mk_ext_is_sticky&quot;:&quot;false&quot;}\">\n\t\t\t\t<div class=\"elementor-element elementor-element-322e456 mk-t-animation-none mk-enable-fade-animation-none elementor-widget elementor-widget-mk_animated_title\" data-id=\"322e456\" data-element_type=\"widget\" data-e-type=\"widget\" data-settings=\"{&quot;mk_text_animation&quot;:&quot;none&quot;,&quot;mk-animation-effect&quot;:&quot;none&quot;,&quot;mk_ext_is_infinite&quot;:&quot;false&quot;,&quot;mk_ext_is_scrollme&quot;:&quot;false&quot;}\" data-widget_type=\"mk_animated_title.default\">\n\t\t\t\t<div class=\"elementor-widget-container\">\n\t\t\t\t\t<h2 class=\"mk--animated-title\">Leading distributor of international cosmetics brands in Spain, Portugal, and Andorra.<\/h2>\t\t\t\t<\/div>\n\t\t\t\t<\/div>\n\t\t\t\t<div class=\"elementor-element elementor-element-527b4e3 mk-t-animation-none mk-enable-fade-animation-none elementor-widget elementor-widget-mk_animated_title\" data-id=\"527b4e3\" data-element_type=\"widget\" data-e-type=\"widget\" data-settings=\"{&quot;mk_text_animation&quot;:&quot;none&quot;,&quot;mk-animation-effect&quot;:&quot;none&quot;,&quot;mk_ext_is_infinite&quot;:&quot;false&quot;,&quot;mk_ext_is_scrollme&quot;:&quot;false&quot;}\" data-widget_type=\"mk_animated_title.default\">\n\t\t\t\t<div class=\"elementor-widget-container\">\n\t\t\t\t\t<h5 class=\"mk--animated-title\">Introducing a brand into a new market is not just about distributing it, but about generating demand and ensuring turnover from the very beginning.<\/h5>\t\t\t\t<\/div>\n\t\t\t\t<\/div>\n\t\t\t\t<\/div>\n\t\t\t\t<\/div>\n\t\t<div class=\"elementor-element elementor-element-2cc6e0f e-con-full e-flex mk-enable-fade-animation-none mk-sticky-column-false mk-sticky-column-disable-tablet e-con e-child\" data-id=\"2cc6e0f\" data-element_type=\"container\" data-e-type=\"container\" data-settings=\"{&quot;mk-animation-effect&quot;:&quot;none&quot;,&quot;mk_ext_is_sticky&quot;:&quot;false&quot;}\">\n\t\t\t\t<div class=\"elementor-element elementor-element-6128a5f mk-enable-fade-animation-none elementor-widget elementor-widget-image\" data-id=\"6128a5f\" data-element_type=\"widget\" data-e-type=\"widget\" data-settings=\"{&quot;mk-animation-effect&quot;:&quot;none&quot;,&quot;mk_ext_is_infinite&quot;:&quot;false&quot;,&quot;mk_ext_is_scrollme&quot;:&quot;false&quot;}\" data-widget_type=\"image.default\">\n\t\t\t\t\t\t\t\t\t\t\t\t\t\t\t<img decoding=\"async\" src=\"https:\/\/www.future-cosmetics.com\/wp-content\/uploads\/elementor\/thumbs\/web_RT_sponge_01_1500x1000-rl1b8eabqpawg2uf7en08udmfc3l8rghn4igv1k5gg.jpg\" title=\"web_RT_sponge_01_1500x1000\" alt=\"web_RT_sponge_01_1500x1000\" loading=\"lazy\" \/>\t\t\t\t\t\t\t\t\t\t\t\t\t\t\t<\/div>\n\t\t\t\t<\/div>\n\t\t\t\t\t<\/div>\n\t\t\t\t<\/div>\n\t\t<div class=\"elementor-element elementor-element-6c99e06 e-flex e-con-boxed mk-enable-fade-animation-none mk-sticky-column-false mk-sticky-column-disable-tablet e-con e-parent\" data-id=\"6c99e06\" data-element_type=\"container\" data-e-type=\"container\" data-settings=\"{&quot;mk-animation-effect&quot;:&quot;none&quot;,&quot;mk_ext_is_sticky&quot;:&quot;false&quot;}\">\n\t\t\t\t\t<div class=\"e-con-inner\">\n\t\t<div class=\"elementor-element elementor-element-4c60873 e-con-full e-flex mk-enable-fade-animation-none mk-sticky-column-false mk-sticky-column-disable-tablet e-con e-child\" data-id=\"4c60873\" data-element_type=\"container\" data-e-type=\"container\" data-settings=\"{&quot;mk-animation-effect&quot;:&quot;none&quot;,&quot;mk_ext_is_sticky&quot;:&quot;false&quot;}\">\n\t\t<div class=\"elementor-element elementor-element-76a4c3f e-con-full e-flex mk-enable-fade-animation-none mk-sticky-column-false mk-sticky-column-disable-tablet e-con e-child\" data-id=\"76a4c3f\" data-element_type=\"container\" data-e-type=\"container\" data-settings=\"{&quot;mk-animation-effect&quot;:&quot;none&quot;,&quot;mk_ext_is_sticky&quot;:&quot;false&quot;}\">\n\t\t\t\t<div class=\"elementor-element elementor-element-2c4733f mk-t-animation-none mk-enable-fade-animation-none elementor-widget elementor-widget-mk_animated_title\" data-id=\"2c4733f\" data-element_type=\"widget\" data-e-type=\"widget\" data-settings=\"{&quot;mk_text_animation&quot;:&quot;none&quot;,&quot;mk-animation-effect&quot;:&quot;none&quot;,&quot;mk_ext_is_infinite&quot;:&quot;false&quot;,&quot;mk_ext_is_scrollme&quot;:&quot;false&quot;}\" data-widget_type=\"mk_animated_title.default\">\n\t\t\t\t<div class=\"elementor-widget-container\">\n\t\t\t\t\t<h2 class=\"mk--animated-title\">Comprehensive solutions for the expansion of cosmetics brands<\/h2>\t\t\t\t<\/div>\n\t\t\t\t<\/div>\n\t\t\t\t<div class=\"elementor-element elementor-element-02df826 mk-t-animation-none mk-enable-fade-animation-none elementor-widget elementor-widget-mk_animated_title\" data-id=\"02df826\" data-element_type=\"widget\" data-e-type=\"widget\" data-settings=\"{&quot;mk_text_animation&quot;:&quot;none&quot;,&quot;mk-animation-effect&quot;:&quot;none&quot;,&quot;mk_ext_is_infinite&quot;:&quot;false&quot;,&quot;mk_ext_is_scrollme&quot;:&quot;false&quot;}\" data-widget_type=\"mk_animated_title.default\">\n\t\t\t\t<div class=\"elementor-widget-container\">\n\t\t\t\t\t<h5 class=\"mk--animated-title\">We integrate market entry strategy, channel analysis and pricing, marketing and demand generation, our own specialized sales network and logistics from our center in Barcelona, \u200b\u200bguaranteeing visibility, positioning and continuous availability at the point of sale in Spain and Portugal.<\/h5>\t\t\t\t<\/div>\n\t\t\t\t<\/div>\n\t\t\t\t<\/div>\n\t\t\t\t<\/div>\n\t\t<div class=\"elementor-element elementor-element-c570d9e e-con-full e-flex mk-enable-fade-animation-none mk-sticky-column-false mk-sticky-column-disable-tablet e-con e-child\" data-id=\"c570d9e\" data-element_type=\"container\" data-e-type=\"container\" data-settings=\"{&quot;mk-animation-effect&quot;:&quot;none&quot;,&quot;mk_ext_is_sticky&quot;:&quot;false&quot;}\">\n\t\t\t\t<div class=\"elementor-element elementor-element-c475f76 mk-enable-fade-animation-none elementor-widget elementor-widget-image\" data-id=\"c475f76\" data-element_type=\"widget\" data-e-type=\"widget\" data-settings=\"{&quot;mk-animation-effect&quot;:&quot;none&quot;,&quot;mk_ext_is_infinite&quot;:&quot;false&quot;,&quot;mk_ext_is_scrollme&quot;:&quot;false&quot;}\" data-widget_type=\"image.default\">\n\t\t\t\t\t\t\t\t\t\t\t\t\t\t\t<img decoding=\"async\" src=\"https:\/\/www.future-cosmetics.com\/wp-content\/uploads\/elementor\/thumbs\/web__0001_SKG_Ascorbosilane_1500x1000-rl1baawjllwtzm2r2qarsv29sgpduo0w8k4ww8qeu8.jpg\" title=\"web__0001_SKG_Ascorbosilane_1500x1000\" alt=\"web__0001_SKG_Ascorbosilane_1500x1000\" loading=\"lazy\" \/>\t\t\t\t\t\t\t\t\t\t\t\t\t\t\t<\/div>\n\t\t\t\t<\/div>\n\t\t\t\t\t<\/div>\n\t\t\t\t<\/div>\n\t\t<div class=\"elementor-element elementor-element-495e0c9 e-flex e-con-boxed mk-enable-fade-animation-none mk-sticky-column-false mk-sticky-column-disable-tablet e-con e-parent\" data-id=\"495e0c9\" data-element_type=\"container\" data-e-type=\"container\" data-settings=\"{&quot;background_background&quot;:&quot;classic&quot;,&quot;mk-animation-effect&quot;:&quot;none&quot;,&quot;mk_ext_is_sticky&quot;:&quot;false&quot;}\">\n\t\t\t\t\t<div class=\"e-con-inner\">\n\t\t<div class=\"elementor-element elementor-element-f18fc38 e-con-full e-flex mk-enable-fade-animation-none mk-sticky-column-false mk-sticky-column-disable-tablet e-con e-child\" data-id=\"f18fc38\" data-element_type=\"container\" data-e-type=\"container\" data-settings=\"{&quot;mk-animation-effect&quot;:&quot;none&quot;,&quot;mk_ext_is_sticky&quot;:&quot;false&quot;}\">\n\t\t<div class=\"elementor-element elementor-element-1dbff2d e-con-full e-flex mk-enable-fade-animation-none mk-sticky-column-false mk-sticky-column-disable-tablet e-con e-child\" data-id=\"1dbff2d\" data-element_type=\"container\" data-e-type=\"container\" data-settings=\"{&quot;mk-animation-effect&quot;:&quot;none&quot;,&quot;mk_ext_is_sticky&quot;:&quot;false&quot;}\">\n\t\t\t\t<div class=\"elementor-element elementor-element-4d70113 mk-t-animation-none mk-enable-fade-animation-none elementor-widget elementor-widget-mk_animated_title\" data-id=\"4d70113\" data-element_type=\"widget\" data-e-type=\"widget\" data-settings=\"{&quot;mk_text_animation&quot;:&quot;none&quot;,&quot;mk-animation-effect&quot;:&quot;none&quot;,&quot;mk_ext_is_infinite&quot;:&quot;false&quot;,&quot;mk_ext_is_scrollme&quot;:&quot;false&quot;}\" data-widget_type=\"mk_animated_title.default\">\n\t\t\t\t<div class=\"elementor-widget-container\">\n\t\t\t\t\t<h2 class=\"mk--animated-title\">Are you looking for a cosmetics distributor in Spain?<\/h2>\t\t\t\t<\/div>\n\t\t\t\t<\/div>\n\t\t\t\t<div class=\"elementor-element elementor-element-d8da8ac mk-t-animation-none mk-enable-fade-animation-none elementor-widget elementor-widget-mk_animated_title\" data-id=\"d8da8ac\" data-element_type=\"widget\" data-e-type=\"widget\" data-settings=\"{&quot;mk_text_animation&quot;:&quot;none&quot;,&quot;mk-animation-effect&quot;:&quot;none&quot;,&quot;mk_ext_is_infinite&quot;:&quot;false&quot;,&quot;mk_ext_is_scrollme&quot;:&quot;false&quot;}\" data-widget_type=\"mk_animated_title.default\">\n\t\t\t\t<div class=\"elementor-widget-container\">\n\t\t\t\t\t<h5 class=\"mk--animated-title\">Let\u2019s talk about how to introduce your brand into the market.<\/h5>\t\t\t\t<\/div>\n\t\t\t\t<\/div>\n\t\t\t\t<div class=\"elementor-element elementor-element-3d9204a mk-enable-fade-animation-none elementor-widget elementor-widget-button\" data-id=\"3d9204a\" data-element_type=\"widget\" data-e-type=\"widget\" data-settings=\"{&quot;mk-animation-effect&quot;:&quot;none&quot;,&quot;mk_ext_is_infinite&quot;:&quot;false&quot;,&quot;mk_ext_is_scrollme&quot;:&quot;false&quot;}\" data-widget_type=\"button.default\">\n\t\t\t\t\t\t\t\t\t\t<a class=\"elementor-button elementor-button-link elementor-size-sm\" href=\"https:\/\/www.future-cosmetics.com\/en\/contacto\/\">\n\t\t\t\t\t\t<span class=\"elementor-button-content-wrapper\">\n\t\t\t\t\t\t\t\t\t<span class=\"elementor-button-text\">Contact us!<\/span>\n\t\t\t\t\t<\/span>\n\t\t\t\t\t<\/a>\n\t\t\t\t\t\t\t\t<\/div>\n\t\t\t\t<\/div>\n\t\t\t\t<\/div>\n\t\t<div class=\"elementor-element elementor-element-96ee460 e-con-full e-flex mk-enable-fade-animation-none mk-sticky-column-false mk-sticky-column-disable-tablet e-con e-child\" data-id=\"96ee460\" data-element_type=\"container\" data-e-type=\"container\" data-settings=\"{&quot;mk-animation-effect&quot;:&quot;none&quot;,&quot;mk_ext_is_sticky&quot;:&quot;false&quot;}\">\n\t\t\t\t<div class=\"elementor-element elementor-element-9e39377 mk-enable-fade-animation-none elementor-widget elementor-widget-image\" data-id=\"9e39377\" data-element_type=\"widget\" data-e-type=\"widget\" data-settings=\"{&quot;mk-animation-effect&quot;:&quot;none&quot;,&quot;mk_ext_is_infinite&quot;:&quot;false&quot;,&quot;mk_ext_is_scrollme&quot;:&quot;false&quot;}\" data-widget_type=\"image.default\">\n\t\t\t\t\t\t\t\t\t\t\t\t\t\t\t<img decoding=\"async\" src=\"https:\/\/www.future-cosmetics.com\/wp-content\/uploads\/elementor\/thumbs\/Sheglam-Slider-1-rkw1wzy5xviqol900c73okuv2hvot8tlcjso9kai0o.jpg\" title=\"Sheglam Slider 1\" alt=\"Sheglam\" loading=\"lazy\" \/>\t\t\t\t\t\t\t\t\t\t\t\t\t\t\t<\/div>\n\t\t\t\t<\/div>\n\t\t\t\t\t<\/div>\n\t\t\t\t<\/div>\n\t\t\t\t<\/div>","protected":false},"excerpt":{"rendered":"<p>Especialistas en distribuci\u00f3n de marcas internacionales de cosm\u00e9tica en Espa\u00f1a, Portugal y Andorra Introducir una marca en un nuevo mercado no consiste solo en distribuirla, sino en generar demanda y asegurar rotaci\u00f3n desde el primer momento. Soluciones integrales para la [&hellip;]<\/p>\n","protected":false},"author":1,"featured_media":0,"parent":0,"menu_order":0,"comment_status":"closed","ping_status":"closed","template":"elementor_header_footer","meta":{"footnotes":""},"class_list":["post-11616","page","type-page","status-publish","hentry"],"yoast_head":"<!-- This site is optimized with the Yoast SEO plugin v27.6 - https:\/\/yoast.com\/product\/yoast-seo-wordpress\/ -->\n<title>Empresa - Future Cosmetics<\/title>\n<meta name=\"description\" content=\"Distribuimos marcas l\u00edderes de belleza en m\u00e1s de 5.300 puntos de venta. M\u00e1s de 30 a\u00f1os impulsando soluciones 360\u00ba para marcas cosm\u00e9ticas.\" \/>\n<meta name=\"robots\" content=\"index, follow, max-snippet:-1, max-image-preview:large, max-video-preview:-1\" \/>\n<link rel=\"canonical\" href=\"https:\/\/www.future-cosmetics.com\/en\/empresa\/\" \/>\n<meta property=\"og:locale\" content=\"en_GB\" \/>\n<meta property=\"og:type\" content=\"article\" \/>\n<meta property=\"og:title\" content=\"Empresa - Future Cosmetics\" \/>\n<meta property=\"og:description\" content=\"Distribuimos marcas l\u00edderes de belleza en m\u00e1s de 5.300 puntos de venta. M\u00e1s de 30 a\u00f1os impulsando soluciones 360\u00ba para marcas cosm\u00e9ticas.\" \/>\n<meta property=\"og:url\" content=\"https:\/\/www.future-cosmetics.com\/en\/empresa\/\" \/>\n<meta property=\"og:site_name\" content=\"Future Cosmetics\" \/>\n<meta property=\"article:modified_time\" content=\"2026-04-13T13:18:30+00:00\" \/>\n<meta property=\"og:image\" content=\"https:\/\/www.future-cosmetics.com\/wp-content\/uploads\/elementor\/thumbs\/web_RT_sponge_01_1500x1000-rl1b8eabqpawg2uf7en08udmfc3l8rghn4igv1k5gg.jpg\" \/>\n<meta name=\"twitter:card\" content=\"summary_large_image\" \/>\n<meta name=\"twitter:label1\" content=\"Estimated reading time\" \/>\n\t<meta name=\"twitter:data1\" content=\"1 minute\" \/>\n<script type=\"application\/ld+json\" class=\"yoast-schema-graph\">{\"@context\":\"https:\\\/\\\/schema.org\",\"@graph\":[{\"@type\":\"WebPage\",\"@id\":\"https:\\\/\\\/www.future-cosmetics.com\\\/empresa\\\/\",\"url\":\"https:\\\/\\\/www.future-cosmetics.com\\\/empresa\\\/\",\"name\":\"Empresa - Future Cosmetics\",\"isPartOf\":{\"@id\":\"https:\\\/\\\/www.future-cosmetics.com\\\/#website\"},\"primaryImageOfPage\":{\"@id\":\"https:\\\/\\\/www.future-cosmetics.com\\\/empresa\\\/#primaryimage\"},\"image\":{\"@id\":\"https:\\\/\\\/www.future-cosmetics.com\\\/empresa\\\/#primaryimage\"},\"thumbnailUrl\":\"https:\\\/\\\/www.future-cosmetics.com\\\/wp-content\\\/uploads\\\/elementor\\\/thumbs\\\/web_RT_sponge_01_1500x1000-rl1b8eabqpawg2uf7en08udmfc3l8rghn4igv1k5gg.jpg\",\"datePublished\":\"2025-11-30T04:23:59+00:00\",\"dateModified\":\"2026-04-13T13:18:30+00:00\",\"description\":\"Distribuimos marcas l\u00edderes de belleza en m\u00e1s de 5.300 puntos de venta. M\u00e1s de 30 a\u00f1os impulsando soluciones 360\u00ba para marcas cosm\u00e9ticas.\",\"breadcrumb\":{\"@id\":\"https:\\\/\\\/www.future-cosmetics.com\\\/empresa\\\/#breadcrumb\"},\"inLanguage\":\"en-GB\",\"potentialAction\":[{\"@type\":\"ReadAction\",\"target\":[\"https:\\\/\\\/www.future-cosmetics.com\\\/empresa\\\/\"]}]},{\"@type\":\"ImageObject\",\"inLanguage\":\"en-GB\",\"@id\":\"https:\\\/\\\/www.future-cosmetics.com\\\/empresa\\\/#primaryimage\",\"url\":\"https:\\\/\\\/www.future-cosmetics.com\\\/wp-content\\\/uploads\\\/elementor\\\/thumbs\\\/web_RT_sponge_01_1500x1000-rl1b8eabqpawg2uf7en08udmfc3l8rghn4igv1k5gg.jpg\",\"contentUrl\":\"https:\\\/\\\/www.future-cosmetics.com\\\/wp-content\\\/uploads\\\/elementor\\\/thumbs\\\/web_RT_sponge_01_1500x1000-rl1b8eabqpawg2uf7en08udmfc3l8rghn4igv1k5gg.jpg\"},{\"@type\":\"BreadcrumbList\",\"@id\":\"https:\\\/\\\/www.future-cosmetics.com\\\/empresa\\\/#breadcrumb\",\"itemListElement\":[{\"@type\":\"ListItem\",\"position\":1,\"name\":\"Portada\",\"item\":\"https:\\\/\\\/www.future-cosmetics.com\\\/\"},{\"@type\":\"ListItem\",\"position\":2,\"name\":\"Empresa\"}]},{\"@type\":\"WebSite\",\"@id\":\"https:\\\/\\\/www.future-cosmetics.com\\\/#website\",\"url\":\"https:\\\/\\\/www.future-cosmetics.com\\\/\",\"name\":\"Future Cosmetics\",\"description\":\"\",\"publisher\":{\"@id\":\"https:\\\/\\\/www.future-cosmetics.com\\\/#organization\"},\"potentialAction\":[{\"@type\":\"SearchAction\",\"target\":{\"@type\":\"EntryPoint\",\"urlTemplate\":\"https:\\\/\\\/www.future-cosmetics.com\\\/?s={search_term_string}\"},\"query-input\":{\"@type\":\"PropertyValueSpecification\",\"valueRequired\":true,\"valueName\":\"search_term_string\"}}],\"inLanguage\":\"en-GB\"},{\"@type\":\"Organization\",\"@id\":\"https:\\\/\\\/www.future-cosmetics.com\\\/#organization\",\"name\":\"Future Cosmetics\",\"url\":\"https:\\\/\\\/www.future-cosmetics.com\\\/\",\"logo\":{\"@type\":\"ImageObject\",\"inLanguage\":\"en-GB\",\"@id\":\"https:\\\/\\\/www.future-cosmetics.com\\\/#\\\/schema\\\/logo\\\/image\\\/\",\"url\":\"https:\\\/\\\/www.future-cosmetics.com\\\/wp-content\\\/uploads\\\/2024\\\/10\\\/future-blanco-scaled.png\",\"contentUrl\":\"https:\\\/\\\/www.future-cosmetics.com\\\/wp-content\\\/uploads\\\/2024\\\/10\\\/future-blanco-scaled.png\",\"width\":2560,\"height\":695,\"caption\":\"Future Cosmetics\"},\"image\":{\"@id\":\"https:\\\/\\\/www.future-cosmetics.com\\\/#\\\/schema\\\/logo\\\/image\\\/\"}}]}<\/script>\n<!-- \/ Yoast SEO plugin. -->","yoast_head_json":{"title":"Empresa - Future Cosmetics","description":"Distribuimos marcas l\u00edderes de belleza en m\u00e1s de 5.300 puntos de venta. M\u00e1s de 30 a\u00f1os impulsando soluciones 360\u00ba para marcas cosm\u00e9ticas.","robots":{"index":"index","follow":"follow","max-snippet":"max-snippet:-1","max-image-preview":"max-image-preview:large","max-video-preview":"max-video-preview:-1"},"canonical":"https:\/\/www.future-cosmetics.com\/en\/empresa\/","og_locale":"en_GB","og_type":"article","og_title":"Empresa - Future Cosmetics","og_description":"Distribuimos marcas l\u00edderes de belleza en m\u00e1s de 5.300 puntos de venta. M\u00e1s de 30 a\u00f1os impulsando soluciones 360\u00ba para marcas cosm\u00e9ticas.","og_url":"https:\/\/www.future-cosmetics.com\/en\/empresa\/","og_site_name":"Future Cosmetics","article_modified_time":"2026-04-13T13:18:30+00:00","og_image":[{"url":"https:\/\/www.future-cosmetics.com\/wp-content\/uploads\/elementor\/thumbs\/web_RT_sponge_01_1500x1000-rl1b8eabqpawg2uf7en08udmfc3l8rghn4igv1k5gg.jpg","type":"","width":"","height":""}],"twitter_card":"summary_large_image","twitter_misc":{"Estimated reading time":"1 minute"},"schema":{"@context":"https:\/\/schema.org","@graph":[{"@type":"WebPage","@id":"https:\/\/www.future-cosmetics.com\/empresa\/","url":"https:\/\/www.future-cosmetics.com\/empresa\/","name":"Empresa - Future Cosmetics","isPartOf":{"@id":"https:\/\/www.future-cosmetics.com\/#website"},"primaryImageOfPage":{"@id":"https:\/\/www.future-cosmetics.com\/empresa\/#primaryimage"},"image":{"@id":"https:\/\/www.future-cosmetics.com\/empresa\/#primaryimage"},"thumbnailUrl":"https:\/\/www.future-cosmetics.com\/wp-content\/uploads\/elementor\/thumbs\/web_RT_sponge_01_1500x1000-rl1b8eabqpawg2uf7en08udmfc3l8rghn4igv1k5gg.jpg","datePublished":"2025-11-30T04:23:59+00:00","dateModified":"2026-04-13T13:18:30+00:00","description":"Distribuimos marcas l\u00edderes de belleza en m\u00e1s de 5.300 puntos de venta. M\u00e1s de 30 a\u00f1os impulsando soluciones 360\u00ba para marcas cosm\u00e9ticas.","breadcrumb":{"@id":"https:\/\/www.future-cosmetics.com\/empresa\/#breadcrumb"},"inLanguage":"en-GB","potentialAction":[{"@type":"ReadAction","target":["https:\/\/www.future-cosmetics.com\/empresa\/"]}]},{"@type":"ImageObject","inLanguage":"en-GB","@id":"https:\/\/www.future-cosmetics.com\/empresa\/#primaryimage","url":"https:\/\/www.future-cosmetics.com\/wp-content\/uploads\/elementor\/thumbs\/web_RT_sponge_01_1500x1000-rl1b8eabqpawg2uf7en08udmfc3l8rghn4igv1k5gg.jpg","contentUrl":"https:\/\/www.future-cosmetics.com\/wp-content\/uploads\/elementor\/thumbs\/web_RT_sponge_01_1500x1000-rl1b8eabqpawg2uf7en08udmfc3l8rghn4igv1k5gg.jpg"},{"@type":"BreadcrumbList","@id":"https:\/\/www.future-cosmetics.com\/empresa\/#breadcrumb","itemListElement":[{"@type":"ListItem","position":1,"name":"Portada","item":"https:\/\/www.future-cosmetics.com\/"},{"@type":"ListItem","position":2,"name":"Empresa"}]},{"@type":"WebSite","@id":"https:\/\/www.future-cosmetics.com\/#website","url":"https:\/\/www.future-cosmetics.com\/","name":"Future Cosmetics","description":"","publisher":{"@id":"https:\/\/www.future-cosmetics.com\/#organization"},"potentialAction":[{"@type":"SearchAction","target":{"@type":"EntryPoint","urlTemplate":"https:\/\/www.future-cosmetics.com\/?s={search_term_string}"},"query-input":{"@type":"PropertyValueSpecification","valueRequired":true,"valueName":"search_term_string"}}],"inLanguage":"en-GB"},{"@type":"Organization","@id":"https:\/\/www.future-cosmetics.com\/#organization","name":"Future Cosmetics","url":"https:\/\/www.future-cosmetics.com\/","logo":{"@type":"ImageObject","inLanguage":"en-GB","@id":"https:\/\/www.future-cosmetics.com\/#\/schema\/logo\/image\/","url":"https:\/\/www.future-cosmetics.com\/wp-content\/uploads\/2024\/10\/future-blanco-scaled.png","contentUrl":"https:\/\/www.future-cosmetics.com\/wp-content\/uploads\/2024\/10\/future-blanco-scaled.png","width":2560,"height":695,"caption":"Future Cosmetics"},"image":{"@id":"https:\/\/www.future-cosmetics.com\/#\/schema\/logo\/image\/"}}]}},"_links":{"self":[{"href":"https:\/\/www.future-cosmetics.com\/en\/wp-json\/wp\/v2\/pages\/11616","targetHints":{"allow":["GET"]}}],"collection":[{"href":"https:\/\/www.future-cosmetics.com\/en\/wp-json\/wp\/v2\/pages"}],"about":[{"href":"https:\/\/www.future-cosmetics.com\/en\/wp-json\/wp\/v2\/types\/page"}],"author":[{"embeddable":true,"href":"https:\/\/www.future-cosmetics.com\/en\/wp-json\/wp\/v2\/users\/1"}],"replies":[{"embeddable":true,"href":"https:\/\/www.future-cosmetics.com\/en\/wp-json\/wp\/v2\/comments?post=11616"}],"version-history":[{"count":337,"href":"https:\/\/www.future-cosmetics.com\/en\/wp-json\/wp\/v2\/pages\/11616\/revisions"}],"predecessor-version":[{"id":15401,"href":"https:\/\/www.future-cosmetics.com\/en\/wp-json\/wp\/v2\/pages\/11616\/revisions\/15401"}],"wp:attachment":[{"href":"https:\/\/www.future-cosmetics.com\/en\/wp-json\/wp\/v2\/media?parent=11616"}],"curies":[{"name":"wp","href":"https:\/\/api.w.org\/{rel}","templated":true}]}}